{"id":1037,"date":"2022-08-02T01:28:39","date_gmt":"2022-08-01T22:28:39","guid":{"rendered":"https:\/\/omerkaradag.com\/?page_id=1037"},"modified":"2022-08-02T01:30:55","modified_gmt":"2022-08-01T22:30:55","slug":"romatizmal-hastaligim-ve-ben-paylasim-gonderi-formu","status":"publish","type":"page","link":"https:\/\/omerkaradag.com\/en\/romatizmal-hastaligim-ve-ben-paylasim-gonderi-formu\/","title":{"rendered":"Patients' Stories Submission Form"},"content":{"rendered":"\t\t<div data-elementor-type=\"wp-page\" data-elementor-id=\"1037\" class=\"elementor elementor-1037\">\n\t\t\t\t\t\t<section class=\"elementor-section elementor-top-section elementor-element elementor-element-f6c3713 elementor-section-boxed elementor-section-height-default elementor-section-height-default\" data-id=\"f6c3713\" data-element_type=\"section\" data-e-type=\"section\">\n\t\t\t\t\t\t<div class=\"elementor-container elementor-column-gap-default\">\n\t\t\t\t\t<div class=\"elementor-column elementor-col-100 elementor-top-column elementor-element elementor-element-9a4d7f8\" data-id=\"9a4d7f8\" data-element_type=\"column\" data-e-type=\"column\">\n\t\t\t<div class=\"elementor-widget-wrap elementor-element-populated\">\n\t\t\t\t\t\t<div class=\"elementor-element elementor-element-3a2d9e4 elementor-widget elementor-widget-spacer\" data-id=\"3a2d9e4\" data-element_type=\"widget\" data-e-type=\"widget\" data-widget_type=\"spacer.default\">\n\t\t\t\t<div class=\"elementor-widget-container\">\n\t\t\t\t\t\t\t<div class=\"elementor-spacer\">\n\t\t\t<div class=\"elementor-spacer-inner\"><\/div>\n\t\t<\/div>\n\t\t\t\t\t\t<\/div>\n\t\t\t\t<\/div>\n\t\t\t\t<div class=\"elementor-element elementor-element-dff1c36 elementor-widget elementor-widget-heading\" data-id=\"dff1c36\" data-element_type=\"widget\" data-e-type=\"widget\" data-widget_type=\"heading.default\">\n\t\t\t\t<div class=\"elementor-widget-container\">\n\t\t\t\t\t<h2 class=\"elementor-heading-title elementor-size-default\">\u201cRomatizmal Hastal\u0131\u011f\u0131m ve Ben!\u201d Payla\u015f\u0131m G\u00f6nderi Formu<\/h2>\t\t\t\t<\/div>\n\t\t\t\t<\/div>\n\t\t\t\t<div class=\"elementor-element elementor-element-e8ef556 elementor-widget elementor-widget-spacer\" data-id=\"e8ef556\" data-element_type=\"widget\" data-e-type=\"widget\" data-widget_type=\"spacer.default\">\n\t\t\t\t<div class=\"elementor-widget-container\">\n\t\t\t\t\t\t\t<div class=\"elementor-spacer\">\n\t\t\t<div class=\"elementor-spacer-inner\"><\/div>\n\t\t<\/div>\n\t\t\t\t\t\t<\/div>\n\t\t\t\t<\/div>\n\t\t\t\t<div class=\"elementor-element elementor-element-224a76b elementor-widget elementor-widget-text-editor\" data-id=\"224a76b\" data-element_type=\"widget\" data-e-type=\"widget\" data-widget_type=\"text-editor.default\">\n\t\t\t\t<div class=\"elementor-widget-container\">\n\t\t\t\t\t\t\t\t\t<p>A\u015fa\u011f\u0131daki formu kullanarak \u201cRomatizmal Hastal\u0131\u011f\u0131m ve Ben!\u201d projesine payla\u015f\u0131mlar\u0131n\u0131z\u0131 g\u00f6nderebilirsiniz.<\/p>\t\t\t\t\t\t\t\t<\/div>\n\t\t\t\t<\/div>\n\t\t\t\t<div class=\"elementor-element elementor-element-27866dc elementor-widget-divider--view-line elementor-widget elementor-widget-divider\" data-id=\"27866dc\" data-element_type=\"widget\" data-e-type=\"widget\" data-widget_type=\"divider.default\">\n\t\t\t\t<div class=\"elementor-widget-container\">\n\t\t\t\t\t\t\t<div class=\"elementor-divider\">\n\t\t\t<span class=\"elementor-divider-separator\">\n\t\t\t\t\t\t<\/span>\n\t\t<\/div>\n\t\t\t\t\t\t<\/div>\n\t\t\t\t<\/div>\n\t\t\t\t<div class=\"elementor-element elementor-element-d5c312d elementor-widget elementor-widget-formidable\" data-id=\"d5c312d\" data-element_type=\"widget\" data-e-type=\"widget\" data-widget_type=\"formidable.default\">\n\t\t\t\t<div class=\"elementor-widget-container\">\n\t\t\t\t\t<div class=\"frm_forms  with_frm_style frm_style_formidable-style\" id=\"frm_form_4_container\" data-token=\"849510f76a6edfb85517c1edcf8896ae\">\n<form enctype=\"multipart\/form-data\" method=\"post\" class=\"frm-show-form \" id=\"form_yazi-formu\" data-token=\"849510f76a6edfb85517c1edcf8896ae\">\n<div class=\"frm_form_fields \">\n<fieldset>\n<legend class=\"frm_screen_reader\">Payla\u015f\u0131m G\u00f6nderi Formu<\/legend>\r\n\r\n<div class=\"frm_fields_container\">\n<input type=\"hidden\" name=\"frm_action\" value=\"create\" \/>\n<input type=\"hidden\" name=\"form_id\" value=\"4\" \/>\n<input type=\"hidden\" name=\"frm_hide_fields_4\" id=\"frm_hide_fields_4\" value=\"\" \/>\n<input type=\"hidden\" name=\"form_key\" value=\"yazi-formu\" \/>\n<input type=\"hidden\" name=\"item_meta[0]\" value=\"\" \/>\n<input type=\"hidden\" id=\"frm_submit_entry_4\" name=\"frm_submit_entry_4\" value=\"fc87bea576\" \/><input type=\"hidden\" name=\"_wp_http_referer\" value=\"\/en\/wp-json\/wp\/v2\/pages\/1037\" \/><div id=\"frm_field_28_container\" class=\"frm_form_field form-field  frm_top_container frm12 frm_first\">\r\n    <div  id=\"field_k63ot_label\" class=\"frm_primary_label\">\u0130sminiz (Sadece benim taraf\u0131ndan g\u00f6r\u00fclecektir.)\r\n        <span class=\"frm_required\" aria-hidden=\"true\"><\/span>\r\n    <\/div>\r\n    <fieldset aria-labelledby=\"field_k63ot_label\">\n\t<legend class=\"frm_screen_reader frm_hidden\">\n\t\t\u0130sminiz (Sadece benim taraf\u0131ndan g\u00f6r\u00fclecektir.)\t<\/legend>\n\n\t<div  class=\"frm_combo_inputs_container\" id=\"frm_combo_inputs_container_28\" data-name-layout=\"first_last\">\n\t\t\t\t\t<div\n\t\t\t\tid=\"frm_field_28-first_container\"\n\t\t\t\tclass=\"frm_form_field form-field frm_form_subfield-first  frm6\"\n\t\t\t\tdata-sub-field-name=\"first\"\n\t\t\t>\n\t\t\t\t<label for=\"field_k63ot_first\" class=\"frm_screen_reader frm_hidden\">\n\t\t\t\t\tAd\t\t\t\t<\/label>\n\n\t\t\t\t<input  type=\"text\" id=\"field_k63ot_first\" value=\"\" name=\"item_meta[28][first]\" autocomplete=\"given-name\" data-invmsg=\"\u0130sminiz (Sadece benim taraf\u0131ndan g\u00f6r\u00fclecektir.) is invalid\" aria-invalid=\"false\"  \/><div class=\"frm_description\" id=\"frm_field_28_first_desc\">Ad<\/div>\t\t\t<\/div>\n\t\t\t\t\t\t<div\n\t\t\t\tid=\"frm_field_28-last_container\"\n\t\t\t\tclass=\"frm_form_field form-field frm_form_subfield-last  frm6\"\n\t\t\t\tdata-sub-field-name=\"last\"\n\t\t\t>\n\t\t\t\t<label for=\"field_k63ot_last\" class=\"frm_screen_reader frm_hidden\">\n\t\t\t\t\tSoyad\t\t\t\t<\/label>\n\n\t\t\t\t<input  type=\"text\" id=\"field_k63ot_last\" value=\"\" name=\"item_meta[28][last]\" autocomplete=\"family-name\" data-invmsg=\"\u0130sminiz (Sadece benim taraf\u0131ndan g\u00f6r\u00fclecektir.) is invalid\" aria-invalid=\"false\"  \/><div class=\"frm_description\" id=\"frm_field_28_last_desc\">Soyad<\/div>\t\t\t<\/div>\n\t\t\t\t<\/div>\n<\/fieldset>\n\r\n    \r\n    \r\n<\/div>\n<div id=\"frm_field_20_container\" class=\"frm_form_field form-field  frm_required_field frm_top_container frm12 frm_first\">\r\n    <label for=\"field_29yf4d2\" id=\"field_29yf4d2_label\" class=\"frm_primary_label\">Mail adresiniz (Geri d\u00f6n\u00fc\u015f verme ama\u00e7l\u0131)\r\n        <span class=\"frm_required\" aria-hidden=\"true\">*<\/span>\r\n    <\/label>\r\n    <input type=\"email\" id=\"field_29yf4d2\" name=\"item_meta[20]\" value=\"\"  data-reqmsg=\"Bu k\u0131sm\u0131 doldurman\u0131z gerekiyor.\" aria-required=\"true\" data-invmsg=\"L\u00fctfen ge\u00e7erli bir email adresi girin.\" aria-invalid=\"false\"  \/>\r\n    \r\n    \r\n<\/div>\n<div id=\"frm_field_21_container\" class=\"frm_form_field form-field  frm_required_field frm_top_container frm_full\">\r\n    <label for=\"field_e6lis62\" id=\"field_e6lis62_label\" class=\"frm_primary_label\">Kendi \u00f6zg\u00fcn ba\u015fl\u0131\u011f\u0131n\u0131z\r\n        <span class=\"frm_required\" aria-hidden=\"true\">*<\/span>\r\n    <\/label>\r\n    <input type=\"text\" id=\"field_e6lis62\" name=\"item_meta[21]\" value=\"\"  data-reqmsg=\"Bu k\u0131sm\u0131 doldurman\u0131z gerekiyor.\" aria-required=\"true\" data-invmsg=\"Subject is invalid\" aria-invalid=\"false\"  \/>\r\n    \r\n    \r\n<\/div>\n<div id=\"frm_field_22_container\" class=\"frm_form_field form-field  frm_required_field frm_top_container frm_full\">\r\n    <label for=\"field_9jv0r12\" id=\"field_9jv0r12_label\" class=\"frm_primary_label\">Romatizmal hastal\u0131\u011f\u0131n\u0131z hakk\u0131ndaki yaz\u0131n\u0131z\r\n        <span class=\"frm_required\" aria-hidden=\"true\">*<\/span>\r\n    <\/label>\r\n    <textarea name=\"item_meta[22]\" id=\"field_9jv0r12\" rows=\"5\"  data-reqmsg=\"Bu k\u0131sm\u0131 doldurman\u0131z gerekiyor.\" aria-required=\"true\" data-invmsg=\"Romatizmal hastal\u0131\u011f\u0131n\u0131z hakk\u0131ndaki yaz\u0131n\u0131z is invalid\" aria-invalid=\"false\"  ><\/textarea>\r\n    \r\n    \r\n<\/div>\n\t<input type=\"hidden\" name=\"item_key\" value=\"\" \/>\n\t\t\t<div id=\"frm_field_29_container\">\n\t\t\t<label for=\"field_16lih\" >\n\t\t\t\tIf you are human, leave this field blank.\t\t\t<\/label>\n\t\t\t<input  id=\"field_16lih\" type=\"text\" class=\"frm_form_field form-field frm_verify\" name=\"item_meta[29]\" value=\"\"  \/>\n\t\t<\/div>\n\t\t<input name=\"frm_state\" type=\"hidden\" value=\"YL5785WLeJOe5mc\/5y0\/HCH1uEr3vK\/+BYF15jnTg2o=\" \/><div class=\"frm_submit\">\r\n\r\n<button class=\"frm_button_submit\" type=\"submit\"  >G\u00f6nder<\/button>\r\n\r\n<\/div><\/div>\n<\/fieldset>\n<\/div>\n\n<\/form>\n<\/div>\n\t\t\t\t<\/div>\n\t\t\t\t<\/div>\n\t\t\t\t<div class=\"elementor-element elementor-element-f40c03d elementor-widget elementor-widget-spacer\" data-id=\"f40c03d\" data-element_type=\"widget\" data-e-type=\"widget\" data-widget_type=\"spacer.default\">\n\t\t\t\t<div class=\"elementor-widget-container\">\n\t\t\t\t\t\t\t<div class=\"elementor-spacer\">\n\t\t\t<div class=\"elementor-spacer-inner\"><\/div>\n\t\t<\/div>\n\t\t\t\t\t\t<\/div>\n\t\t\t\t<\/div>\n\t\t\t\t\t<\/div>\n\t\t<\/div>\n\t\t\t\t\t<\/div>\n\t\t<\/section>\n\t\t\t\t<\/div>\n\t\t","protected":false},"excerpt":{"rendered":"<p>\u201cRomatizmal Hastal\u0131\u011f\u0131m ve Ben!\u201d Payla\u015f\u0131m G\u00f6nderi Formu A\u015fa\u011f\u0131daki formu kullanarak \u201cRomatizmal Hastal\u0131\u011f\u0131m ve Ben!\u201d projesine payla\u015f\u0131mlar\u0131n\u0131z\u0131 g\u00f6nderebilirsiniz. Payla\u015f\u0131m G\u00f6nderi Formu \u0130sminiz (Sadece benim taraf\u0131ndan g\u00f6r\u00fclecektir.) \u0130sminiz (Sadece benim taraf\u0131ndan g\u00f6r\u00fclecektir.)&hellip;<\/p>","protected":false},"author":1,"featured_media":0,"parent":0,"menu_order":0,"comment_status":"closed","ping_status":"closed","template":"elementor_header_footer","meta":{"footnotes":""},"class_list":["post-1037","page","type-page","status-publish","hentry"],"_links":{"self":[{"href":"https:\/\/omerkaradag.com\/en\/wp-json\/wp\/v2\/pages\/1037","targetHints":{"allow":["GET"]}}],"collection":[{"href":"https:\/\/omerkaradag.com\/en\/wp-json\/wp\/v2\/pages"}],"about":[{"href":"https:\/\/omerkaradag.com\/en\/wp-json\/wp\/v2\/types\/page"}],"author":[{"embeddable":true,"href":"https:\/\/omerkaradag.com\/en\/wp-json\/wp\/v2\/users\/1"}],"replies":[{"embeddable":true,"href":"https:\/\/omerkaradag.com\/en\/wp-json\/wp\/v2\/comments?post=1037"}],"version-history":[{"count":5,"href":"https:\/\/omerkaradag.com\/en\/wp-json\/wp\/v2\/pages\/1037\/revisions"}],"predecessor-version":[{"id":1044,"href":"https:\/\/omerkaradag.com\/en\/wp-json\/wp\/v2\/pages\/1037\/revisions\/1044"}],"wp:attachment":[{"href":"https:\/\/omerkaradag.com\/en\/wp-json\/wp\/v2\/media?parent=1037"}],"curies":[{"name":"wp","href":"https:\/\/api.w.org\/{rel}","templated":true}]}}