{"id":36,"date":"2022-06-24T19:03:07","date_gmt":"2022-06-24T19:03:07","guid":{"rendered":"http:\/\/box5276.temp.domains\/~omerkara\/?page_id=36"},"modified":"2022-08-04T20:52:10","modified_gmt":"2022-08-04T17:52:10","slug":"hakkimda","status":"publish","type":"page","link":"https:\/\/omerkaradag.com\/en\/hakkimda\/","title":{"rendered":"Who Am I?"},"content":{"rendered":"<div data-elementor-type=\"wp-page\" data-elementor-id=\"36\" class=\"elementor elementor-36\">\n\t\t\t\t\t\t<section class=\"elementor-section elementor-top-section elementor-element elementor-element-7bc23d2 elementor-section-boxed elementor-section-height-default elementor-section-height-default\" data-id=\"7bc23d2\" data-element_type=\"section\" data-e-type=\"section\">\n\t\t\t\t\t\t<div class=\"elementor-container elementor-column-gap-default\">\n\t\t\t\t\t<div class=\"elementor-column elementor-col-100 elementor-top-column elementor-element elementor-element-076fc62\" data-id=\"076fc62\" data-element_type=\"column\" data-e-type=\"column\">\n\t\t\t<div class=\"elementor-widget-wrap elementor-element-populated\">\n\t\t\t\t\t\t<div class=\"elementor-element elementor-element-a91c21a elementor-widget elementor-widget-heading\" data-id=\"a91c21a\" data-element_type=\"widget\" data-e-type=\"widget\" data-widget_type=\"heading.default\">\n\t\t\t\t<div class=\"elementor-widget-container\">\n\t\t\t\t\t<h2 class=\"elementor-heading-title elementor-size-default\">Who Am I?<\/h2>\t\t\t\t<\/div>\n\t\t\t\t<\/div>\n\t\t\t\t<div class=\"elementor-element elementor-element-146344d elementor-widget elementor-widget-spacer\" data-id=\"146344d\" data-element_type=\"widget\" data-e-type=\"widget\" data-widget_type=\"spacer.default\">\n\t\t\t\t<div class=\"elementor-widget-container\">\n\t\t\t\t\t\t\t<div class=\"elementor-spacer\">\n\t\t\t<div class=\"elementor-spacer-inner\"><\/div>\n\t\t<\/div>\n\t\t\t\t\t\t<\/div>\n\t\t\t\t<\/div>\n\t\t\t\t<div class=\"elementor-element elementor-element-09f54e0 elementor-widget-divider--view-line elementor-widget elementor-widget-divider\" data-id=\"09f54e0\" data-element_type=\"widget\" data-e-type=\"widget\" data-widget_type=\"divider.default\">\n\t\t\t\t<div class=\"elementor-widget-container\">\n\t\t\t\t\t\t\t<div class=\"elementor-divider\">\n\t\t\t<span class=\"elementor-divider-separator\">\n\t\t\t\t\t\t<\/span>\n\t\t<\/div>\n\t\t\t\t\t\t<\/div>\n\t\t\t\t<\/div>\n\t\t\t\t<div class=\"elementor-element elementor-element-52a48ea elementor-widget elementor-widget-image\" data-id=\"52a48ea\" data-element_type=\"widget\" data-e-type=\"widget\" data-widget_type=\"image.default\">\n\t\t\t\t<div class=\"elementor-widget-container\">\n\t\t\t\t\t\t\t\t\t\t\t\t\t\t\t<img fetchpriority=\"high\" decoding=\"async\" width=\"300\" height=\"300\" src=\"https:\/\/omerkaradag.com\/wp-content\/uploads\/2022\/06\/Omer-Karadag-300x300.jpg\" class=\"attachment-medium size-medium wp-image-142\" alt=\"ankara romatolog\" srcset=\"https:\/\/omerkaradag.com\/wp-content\/uploads\/2022\/06\/Omer-Karadag-300x300.jpg 300w, https:\/\/omerkaradag.com\/wp-content\/uploads\/2022\/06\/Omer-Karadag-150x150.jpg 150w, https:\/\/omerkaradag.com\/wp-content\/uploads\/2022\/06\/Omer-Karadag.jpg 512w\" sizes=\"(max-width: 300px) 100vw, 300px\" \/>\t\t\t\t\t\t\t\t\t\t\t\t\t\t\t<\/div>\n\t\t\t\t<\/div>\n\t\t\t\t<div class=\"elementor-element elementor-element-25bfc94 elementor-widget elementor-widget-text-editor\" data-id=\"25bfc94\" data-element_type=\"widget\" data-e-type=\"widget\" data-widget_type=\"text-editor.default\">\n\t\t\t\t<div class=\"elementor-widget-container\">\n\t\t\t\t\t\t\t\t\t<ul><li>I graduated from Hacettepe University Faculty of Medicine.<\/li><li>In the same faculty, I completed the Internal Medicine specialization in 2005 and the upper specialization in Rheumatology in 2008.<\/li><li>In 2007, I was entitled to receive a certificate after training in Musculoskeletal System Ultrasonography at the Department of Rheumatology at Politechnica della Marche University in Italy.<\/li><li>I fulfilled my national duty as a Rheumatology specialist at G\u00fclhane Military Medical Academy (GATA) between February 2009 and January 2010.<\/li><li>I established the Rheumatology Clinic in Diyarbak\u0131r State Hospital, where I was appointed in February 2010 due to the State Service Obligation. As the Founding Deputy Chief Physician of Diyarbak\u0131r Training and Research Hospital, I took an active role in the planning and opening of the hospital.<\/li><li>In 2015, I received the Sacroiliac MRI-Trainer Certificate in Spondylarthritis from \"Care Arthritis\/Arthritis Research and Education in Canada\".<\/li><li>Between August 2016 and July 2017, I worked as a Clinical Fellow at the Addenbrooke's Hospital Vasculitis and Lupus Clinic, University of Cambridge, England.<\/li><li>I took part in the establishment of Hacettepe University Vasculitis Research Center (HUVAC). I have been serving as the director since I was appointed as the founder and director in 2014.\u00a0<\/li><li>I was awarded the title of Professor in July 2018.<\/li><li>The diseases I am interested in are rheumatoid arthritis, ankylosing spondylitis and other spondyloarthritis, lupus, Sj\u00f6gren and other connective tissue diseases, vasculitis and Familial Mediterranean Fever.<\/li><li>I am a Member of the Executive Committee of Hacettepe Clinical Research Center (H\u00dcKAM).<\/li><li>I was a member of the Executive Committee of the Society of Rheumatology in Turkey in 2012-2016, the Supervisory Board in 2016-2018, and the Scientific Board since 2018.<\/li><li>Since 2018, I have been serving as the Chair of the Executive Committee of Hacettepe Internal Medicine Society.<\/li><li>I have publications and researches in more than 180 foreign languages, as well as being a referee in many international journals such as the Annals of Rheumatic Disease, Rheumatology (Oxford), Internal and Emergency Medicine.<\/li><\/ul>\t\t\t\t\t\t\t\t<\/div>\n\t\t\t\t<\/div>\n\t\t\t\t\t<\/div>\n\t\t<\/div>\n\t\t\t\t\t<\/div>\n\t\t<\/section>\n\t\t\t\t<\/div>","protected":false},"excerpt":{"rendered":"<p>Ben Kimim? Hacettepe \u00dcniversitesi T\u0131p Fak\u00fcltesi\u2019nden mezun oldum. Ayn\u0131 fak\u00fcltede 2005 y\u0131l\u0131nda \u0130\u00e7 Hastal\u0131klar\u0131 ihtisas\u0131n\u0131 ve 2008 y\u0131l\u0131nda Romatoloji \u00fcst ihtisas\u0131n\u0131 tamamlad\u0131m. 2007 y\u0131l\u0131nda \u0130talya Politechnica della Marche \u00dcniversitesi Romatoloji&hellip;<\/p>","protected":false},"author":1,"featured_media":0,"parent":0,"menu_order":0,"comment_status":"closed","ping_status":"closed","template":"","meta":{"footnotes":""},"class_list":["post-36","page","type-page","status-publish","hentry"],"_links":{"self":[{"href":"https:\/\/omerkaradag.com\/en\/wp-json\/wp\/v2\/pages\/36","targetHints":{"allow":["GET"]}}],"collection":[{"href":"https:\/\/omerkaradag.com\/en\/wp-json\/wp\/v2\/pages"}],"about":[{"href":"https:\/\/omerkaradag.com\/en\/wp-json\/wp\/v2\/types\/page"}],"author":[{"embeddable":true,"href":"https:\/\/omerkaradag.com\/en\/wp-json\/wp\/v2\/users\/1"}],"replies":[{"embeddable":true,"href":"https:\/\/omerkaradag.com\/en\/wp-json\/wp\/v2\/comments?post=36"}],"version-history":[{"count":5,"href":"https:\/\/omerkaradag.com\/en\/wp-json\/wp\/v2\/pages\/36\/revisions"}],"predecessor-version":[{"id":1064,"href":"https:\/\/omerkaradag.com\/en\/wp-json\/wp\/v2\/pages\/36\/revisions\/1064"}],"wp:attachment":[{"href":"https:\/\/omerkaradag.com\/en\/wp-json\/wp\/v2\/media?parent=36"}],"curies":[{"name":"wp","href":"https:\/\/api.w.org\/{rel}","templated":true}]}}