{"id":40,"date":"2022-06-24T19:04:17","date_gmt":"2022-06-24T19:04:17","guid":{"rendered":"http:\/\/box5276.temp.domains\/~omerkara\/?page_id=40"},"modified":"2022-07-24T03:42:11","modified_gmt":"2022-07-24T00:42:11","slug":"iletisim","status":"publish","type":"page","link":"https:\/\/omerkaradag.com\/en\/iletisim\/","title":{"rendered":"Contact"},"content":{"rendered":"\t\t<div data-elementor-type=\"wp-page\" data-elementor-id=\"40\" class=\"elementor elementor-40\">\n\t\t\t\t\t\t<section class=\"elementor-section elementor-top-section elementor-element elementor-element-a8797d6 elementor-section-boxed elementor-section-height-default elementor-section-height-default\" data-id=\"a8797d6\" data-element_type=\"section\" data-e-type=\"section\">\n\t\t\t\t\t\t<div class=\"elementor-container elementor-column-gap-default\">\n\t\t\t\t\t<div class=\"elementor-column elementor-col-100 elementor-top-column elementor-element elementor-element-d84af39\" data-id=\"d84af39\" data-element_type=\"column\" data-e-type=\"column\">\n\t\t\t<div class=\"elementor-widget-wrap elementor-element-populated\">\n\t\t\t\t\t\t<div class=\"elementor-element elementor-element-c267c36 elementor-widget elementor-widget-text-editor\" data-id=\"c267c36\" data-element_type=\"widget\" data-e-type=\"widget\" data-widget_type=\"text-editor.default\">\n\t\t\t\t<div class=\"elementor-widget-container\">\n\t\t\t\t\t\t\t\t\t<p><em><span style=\"text-decoration: underline;\">En pratik ve h\u0131zl\u0131 ileti\u015fim y\u00f6ntemi:<\/span><\/em><\/p><ul><li>Sayfan\u0131n sa\u011f alt k\u0131sm\u0131ndaki WhatsApp logosuna t\u0131klay\u0131p bana WhatsApp \u00fczerinden diledi\u011finiz zaman yazabilirsiniz.<\/li><\/ul><p><em><span style=\"text-decoration: underline;\">Mail \u00fczerinden ileti\u015fim:<\/span><\/em><\/p><ul><li>Bana mail \u00fczerinden ula\u015fmak istiyorsan\u0131z a\u015fa\u011f\u0131daki formu doldurabilirsiniz. K\u0131sa s\u00fcre i\u00e7erisinde size d\u00f6nerim.<\/li><\/ul>\t\t\t\t\t\t\t\t<\/div>\n\t\t\t\t<\/div>\n\t\t\t\t<div class=\"elementor-element elementor-element-213c3e3 elementor-widget elementor-widget-formidable\" data-id=\"213c3e3\" data-element_type=\"widget\" data-e-type=\"widget\" data-widget_type=\"formidable.default\">\n\t\t\t\t<div class=\"elementor-widget-container\">\n\t\t\t\t\t<div class=\"frm_forms  with_frm_style frm_style_formidable-style\" id=\"frm_form_3_container\" data-token=\"849510f76a6edfb85517c1edcf8896ae\">\n<form enctype=\"multipart\/form-data\" method=\"post\" class=\"frm-show-form \" id=\"form_mesaj-formu\" data-token=\"849510f76a6edfb85517c1edcf8896ae\">\n<div class=\"frm_form_fields \">\n<fieldset>\n<legend class=\"frm_screen_reader\">Mesaj Formu<\/legend>\r\n\r\n<div class=\"frm_fields_container\">\n<input type=\"hidden\" name=\"frm_action\" value=\"create\" \/>\n<input type=\"hidden\" name=\"form_id\" value=\"3\" \/>\n<input type=\"hidden\" name=\"frm_hide_fields_3\" id=\"frm_hide_fields_3\" value=\"\" \/>\n<input type=\"hidden\" name=\"form_key\" value=\"mesaj-formu\" \/>\n<input type=\"hidden\" name=\"item_meta[0]\" value=\"\" \/>\n<input type=\"hidden\" id=\"frm_submit_entry_3\" name=\"frm_submit_entry_3\" value=\"fc87bea576\" \/><input type=\"hidden\" name=\"_wp_http_referer\" value=\"\/en\/wp-json\/wp\/v2\/pages\/40\" \/><div id=\"frm_field_11_container\" class=\"frm_form_field form-field  frm_required_field frm_top_container frm12 frm_first\">\r\n    <label for=\"field_qh4icy22\" id=\"field_qh4icy22_label\" class=\"frm_primary_label\">Ad\u0131n\u0131z Soyad\u0131n\u0131z\r\n        <span class=\"frm_required\" aria-hidden=\"true\">*<\/span>\r\n    <\/label>\r\n    <input type=\"text\" id=\"field_qh4icy22\" name=\"item_meta[11]\" value=\"\"  data-reqmsg=\"Ad\u0131n\u0131z Soyad\u0131n\u0131z cannot be blank.\" aria-required=\"true\" data-invmsg=\"Name is invalid\" aria-invalid=\"false\"  \/>\r\n    \r\n    \r\n<\/div>\n<div id=\"frm_field_17_container\" class=\"frm_form_field form-field  frm_required_field frm_top_container\">\r\n    <label for=\"field_2a2nk\" id=\"field_2a2nk_label\" class=\"frm_primary_label\">Telefon Numaran\u0131z\r\n        <span class=\"frm_required\" aria-hidden=\"true\">*<\/span>\r\n    <\/label>\r\n    <input type=\"tel\" id=\"field_2a2nk\" name=\"item_meta[17]\" value=\"\"  data-reqmsg=\"Telefon Numaran\u0131z cannot be blank.\" aria-required=\"true\" data-invmsg=\"Phone is invalid\" aria-invalid=\"false\" pattern=\"((\\+\\d{1,3}(-|.| )?\\(?\\d\\)?(-| |.)?\\d{1,5})|(\\(?\\d{2,6}\\)?))(-|.| )?(\\d{3,4})(-|.| )?(\\d{4})(( x| ext)\\d{1,5}){0,1}$\"  \/>\r\n    \r\n    \r\n<\/div>\n<div id=\"frm_field_13_container\" class=\"frm_form_field form-field  frm_required_field frm_top_container frm_full\">\r\n    <label for=\"field_29yf4d22\" id=\"field_29yf4d22_label\" class=\"frm_primary_label\">Mail Adresiniz\r\n        <span class=\"frm_required\" aria-hidden=\"true\">*<\/span>\r\n    <\/label>\r\n    <input type=\"email\" id=\"field_29yf4d22\" name=\"item_meta[13]\" value=\"\"  data-reqmsg=\"Mail Adresiniz cannot be blank.\" aria-required=\"true\" data-invmsg=\"Please enter a valid email address\" aria-invalid=\"false\"  \/>\r\n    \r\n    \r\n<\/div>\n<div id=\"frm_field_15_container\" class=\"frm_form_field form-field  frm_required_field frm_top_container frm_full\">\r\n    <label for=\"field_9jv0r122\" id=\"field_9jv0r122_label\" class=\"frm_primary_label\">Mesaj\u0131n\u0131z\r\n        <span class=\"frm_required\" aria-hidden=\"true\">*<\/span>\r\n    <\/label>\r\n    <textarea name=\"item_meta[15]\" id=\"field_9jv0r122\" rows=\"5\"  data-reqmsg=\"Mesaj\u0131n\u0131z cannot be blank.\" aria-required=\"true\" data-invmsg=\"Mesaj\u0131n\u0131z is invalid\" aria-invalid=\"false\"  ><\/textarea>\r\n    \r\n    \r\n<\/div>\n<div id=\"frm_field_16_container\" class=\"frm_form_field form-field  frm_none_container\">\r\n    <label for=\"g-recaptcha-response\" id=\"field_e108d_label\" class=\"frm_primary_label\">reCAPTCHA\r\n        <span class=\"frm_required\" aria-hidden=\"true\"><\/span>\r\n    <\/label>\r\n    <div  id=\"field_e108d\" class=\"frm-g-recaptcha\" data-sitekey=\"6LcwrKAgAAAAADYwsRa0I9Qq7OuY46U-5JHHRmKN\" data-size=\"invisible\" data-theme=\"light\"><\/div>\r\n    \r\n    \r\n<\/div>\n\t<input type=\"hidden\" name=\"item_key\" value=\"\" \/>\n\t\t\t<div id=\"frm_field_29_container\">\n\t\t\t<label for=\"field_etvvl\" >\n\t\t\t\tIf you are human, leave this field blank.\t\t\t<\/label>\n\t\t\t<input  id=\"field_etvvl\" type=\"text\" class=\"frm_form_field form-field frm_verify\" name=\"item_meta[29]\" value=\"\"  \/>\n\t\t<\/div>\n\t\t<input name=\"frm_state\" type=\"hidden\" value=\"YL5785WLeJOe5mc\/5y0\/HCH1uEr3vK\/+BYF15jnTg2o=\" \/><div class=\"frm_submit\">\r\n\r\n<button class=\"frm_button_submit\" type=\"submit\"  >G\u00f6nder<\/button>\r\n\r\n<\/div><\/div>\n<\/fieldset>\n<\/div>\n\n<\/form>\n<\/div>\n\t\t\t\t<\/div>\n\t\t\t\t<\/div>\n\t\t\t\t\t<\/div>\n\t\t<\/div>\n\t\t\t\t\t<\/div>\n\t\t<\/section>\n\t\t\t\t<\/div>\n\t\t","protected":false},"excerpt":{"rendered":"<p>En pratik ve h\u0131zl\u0131 ileti\u015fim y\u00f6ntemi: Sayfan\u0131n sa\u011f alt k\u0131sm\u0131ndaki WhatsApp logosuna t\u0131klay\u0131p bana WhatsApp \u00fczerinden diledi\u011finiz zaman yazabilirsiniz. Mail \u00fczerinden ileti\u015fim: Bana mail \u00fczerinden ula\u015fmak istiyorsan\u0131z a\u015fa\u011f\u0131daki formu doldurabilirsiniz.&hellip;<\/p>","protected":false},"author":1,"featured_media":0,"parent":0,"menu_order":0,"comment_status":"closed","ping_status":"closed","template":"","meta":{"footnotes":""},"class_list":["post-40","page","type-page","status-publish","hentry"],"_links":{"self":[{"href":"https:\/\/omerkaradag.com\/en\/wp-json\/wp\/v2\/pages\/40","targetHints":{"allow":["GET"]}}],"collection":[{"href":"https:\/\/omerkaradag.com\/en\/wp-json\/wp\/v2\/pages"}],"about":[{"href":"https:\/\/omerkaradag.com\/en\/wp-json\/wp\/v2\/types\/page"}],"author":[{"embeddable":true,"href":"https:\/\/omerkaradag.com\/en\/wp-json\/wp\/v2\/users\/1"}],"replies":[{"embeddable":true,"href":"https:\/\/omerkaradag.com\/en\/wp-json\/wp\/v2\/comments?post=40"}],"version-history":[{"count":5,"href":"https:\/\/omerkaradag.com\/en\/wp-json\/wp\/v2\/pages\/40\/revisions"}],"predecessor-version":[{"id":829,"href":"https:\/\/omerkaradag.com\/en\/wp-json\/wp\/v2\/pages\/40\/revisions\/829"}],"wp:attachment":[{"href":"https:\/\/omerkaradag.com\/en\/wp-json\/wp\/v2\/media?parent=40"}],"curies":[{"name":"wp","href":"https:\/\/api.w.org\/{rel}","templated":true}]}}